{"id":96,"date":"2025-02-02T14:54:13","date_gmt":"2025-02-02T13:54:13","guid":{"rendered":"https:\/\/www.sabykoloni.se\/?page_id=96"},"modified":"2025-04-23T08:56:25","modified_gmt":"2025-04-23T06:56:25","slug":"arsmoten-och-verksamhetsberattelser","status":"publish","type":"page","link":"https:\/\/www.sabykoloni.se\/?page_id=96","title":{"rendered":"\u00c5rsm\u00f6ten och verksamhetsber\u00e4ttelser"},"content":{"rendered":"\n<p>Motioner ska vara inl\u00e4mnade till styrelsen <strong>senast 15 februari<\/strong>. <\/p>\n\n\n\n<h4 class=\"wp-block-heading\"><strong>\u00c5rsm\u00f6tesprotokoll<\/strong><\/h4>\n\n\n\n<div style=\"height:20px\" aria-hidden=\"true\" class=\"wp-block-spacer\"><\/div>\n\n\n\n<div class=\"wp-block-group has-global-padding is-layout-constrained wp-block-group-is-layout-constrained\">\n<div class=\"wp-block-file\" style=\"padding-top:0;padding-bottom:0\"><a id=\"wp-block-file--media-6589bd79-3590-4e13-a43d-b5ab88183ff1\" href=\"https:\/\/www.sabykoloni.se\/wp-content\/uploads\/2025\/04\/Arsmote-2025.pdf\">2025-03-18<\/a><a href=\"https:\/\/www.sabykoloni.se\/wp-content\/uploads\/2025\/04\/Arsmote-2025.pdf\" class=\"wp-block-file__button wp-element-button\" download aria-describedby=\"wp-block-file--media-6589bd79-3590-4e13-a43d-b5ab88183ff1\">Ladda ner<\/a><\/div>\n<\/div>\n\n\n\n<div class=\"wp-block-file\" style=\"padding-top:0;padding-bottom:0\"><a id=\"wp-block-file--media-c2f5bc48-d4c8-4233-a927-8a62eeba0890\" href=\"https:\/\/www.sabykoloni.se\/wp-content\/uploads\/2025\/02\/Arsmote-2024-03-26.pdf\">2024-03-26<\/a><a href=\"https:\/\/www.sabykoloni.se\/wp-content\/uploads\/2025\/02\/Arsmote-2024-03-26.pdf\" class=\"wp-block-file__button wp-element-button\" download aria-describedby=\"wp-block-file--media-c2f5bc48-d4c8-4233-a927-8a62eeba0890\">Ladda ner<\/a><\/div>\n\n\n\n<p><\/p>\n\n\n\n<h4 class=\"wp-block-heading\"><strong>Verksamhetsber\u00e4ttelser<\/strong><\/h4>\n\n\n\n<div class=\"wp-block-file\"><a id=\"wp-block-file--media-3ef8ef84-e7ab-4735-a978-52d4c1ed962b\" href=\"https:\/\/www.sabykoloni.se\/wp-content\/uploads\/2025\/04\/Verksamhetsberattelse-2024.pdf\">2024<\/a><a href=\"https:\/\/www.sabykoloni.se\/wp-content\/uploads\/2025\/04\/Verksamhetsberattelse-2024.pdf\" class=\"wp-block-file__button wp-element-button\" download aria-describedby=\"wp-block-file--media-3ef8ef84-e7ab-4735-a978-52d4c1ed962b\">Ladda ner<\/a><\/div>\n\n\n\n<div class=\"wp-block-file\"><a id=\"wp-block-file--media-6edcdf26-654d-41c3-85e7-981ae448b903\" href=\"https:\/\/www.sabykoloni.se\/wp-content\/uploads\/2025\/02\/Verksamhetsberattelse-2023-1.pdf\">2023<\/a><a href=\"https:\/\/www.sabykoloni.se\/wp-content\/uploads\/2025\/02\/Verksamhetsberattelse-2023-1.pdf\" class=\"wp-block-file__button wp-element-button\" download aria-describedby=\"wp-block-file--media-6edcdf26-654d-41c3-85e7-981ae448b903\">Ladda ner<\/a><\/div>\n","protected":false},"excerpt":{"rendered":"<p>Motioner ska vara inl\u00e4mnade till styrelsen senast 15 februari. \u00c5rsm\u00f6tesprotokoll Verksamhetsber\u00e4ttelser<\/p>\n","protected":false},"author":1,"featured_media":0,"parent":0,"menu_order":3,"comment_status":"closed","ping_status":"closed","template":"","meta":{"footnotes":""},"class_list":["post-96","page","type-page","status-publish","hentry"],"_links":{"self":[{"href":"https:\/\/www.sabykoloni.se\/index.php?rest_route=\/wp\/v2\/pages\/96","targetHints":{"allow":["GET"]}}],"collection":[{"href":"https:\/\/www.sabykoloni.se\/index.php?rest_route=\/wp\/v2\/pages"}],"about":[{"href":"https:\/\/www.sabykoloni.se\/index.php?rest_route=\/wp\/v2\/types\/page"}],"author":[{"embeddable":true,"href":"https:\/\/www.sabykoloni.se\/index.php?rest_route=\/wp\/v2\/users\/1"}],"replies":[{"embeddable":true,"href":"https:\/\/www.sabykoloni.se\/index.php?rest_route=%2Fwp%2Fv2%2Fcomments&post=96"}],"version-history":[{"count":16,"href":"https:\/\/www.sabykoloni.se\/index.php?rest_route=\/wp\/v2\/pages\/96\/revisions"}],"predecessor-version":[{"id":208,"href":"https:\/\/www.sabykoloni.se\/index.php?rest_route=\/wp\/v2\/pages\/96\/revisions\/208"}],"wp:attachment":[{"href":"https:\/\/www.sabykoloni.se\/index.php?rest_route=%2Fwp%2Fv2%2Fmedia&parent=96"}],"curies":[{"name":"wp","href":"https:\/\/api.w.org\/{rel}","templated":true}]}}