{"id":94,"date":"2025-02-02T14:53:56","date_gmt":"2025-02-02T13:53:56","guid":{"rendered":"https:\/\/www.sabykoloni.se\/?page_id=94"},"modified":"2026-03-13T16:14:49","modified_gmt":"2026-03-13T15:14:49","slug":"staddagar","status":"publish","type":"page","link":"https:\/\/www.sabykoloni.se\/?page_id=94","title":{"rendered":"St\u00e4ddagar"},"content":{"rendered":"\n<p>F\u00f6reningen har varje \u00e5r tv\u00e5 st\u00e4ddagar. Ena p\u00e5 v\u00e5ren och andra p\u00e5 h\u00f6sten. Tid och datum beslutas om p\u00e5 \u00e5rsm\u00f6tet.<\/p>\n\n\n\n<p>Under st\u00e4ddagar g\u00e4ller st\u00e4dning av gemensamma ytor och utrymmen. <strong>Inte den egna lotten!<\/strong><\/p>\n\n\n\n<div style=\"height:20px\" aria-hidden=\"true\" class=\"wp-block-spacer\"><\/div>\n\n\n\n<p>Anm\u00e4l n\u00e4rvaro med namn och lottnummer till den i styrelsen som prickar av.<\/p>\n\n\n\n<div style=\"height:21px\" aria-hidden=\"true\" class=\"wp-block-spacer\"><\/div>\n\n\n\n<p><em>Medlem som inte deltar p\u00e5 st\u00e4ddagar ska betala 200 kronor<\/em>.<\/p>\n\n\n\n<div style=\"height:20px\" aria-hidden=\"true\" class=\"wp-block-spacer\"><\/div>\n\n\n\n<h3 class=\"wp-block-heading\"><strong>2025<\/strong><\/h3>\n\n\n\n<p><strong>L\u00f6rdag 2 Maj 2026, kl. 9-14 inklusive grillning.<\/strong><\/p>\n\n\n\n<p>Om du inte kan delta, oavsett orsak till fr\u00e5nvaro, m\u00e5ste du betala den obligatoriska avgiften om 200 kr till konto pg 457 464-6. L\u00e4karintyg g\u00e4ller inte. Du kan ocks\u00e5 skicka ers\u00e4ttare.<\/p>\n\n\n\n<p>Ris\/kvistar och virke fr\u00e5n egen lott ska l\u00e4mnas p\u00e5 uppsamlingsplatsen senast dagen innan st\u00e4ddagen, dvs <strong>senast fredag 1 maj<\/strong>. Allt \u00f6vrigt ska var och en k\u00f6ra sj\u00e4lva till \u00e5tervinningen.<\/p>\n\n\n\n<div class=\"wp-block-file\"><a id=\"wp-block-file--media-cc217411-cf74-4fa3-a2f9-beb3ab0eaa17\" href=\"https:\/\/www.sabykoloni.se\/wp-content\/uploads\/2026\/03\/Staddag-2026.docx\">Staddag 2026<\/a><a href=\"https:\/\/www.sabykoloni.se\/wp-content\/uploads\/2026\/03\/Staddag-2026.docx\" class=\"wp-block-file__button wp-element-button\" download aria-describedby=\"wp-block-file--media-cc217411-cf74-4fa3-a2f9-beb3ab0eaa17\">Ladda ner<\/a><\/div>\n\n\n\n<p><\/p>\n","protected":false},"excerpt":{"rendered":"<p>F\u00f6reningen har varje \u00e5r tv\u00e5 st\u00e4ddagar. Ena p\u00e5 v\u00e5ren och andra p\u00e5 h\u00f6sten. Tid och datum beslutas om p\u00e5 \u00e5rsm\u00f6tet. Under st\u00e4ddagar g\u00e4ller st\u00e4dning av gemensamma ytor och utrymmen. Inte den egna lotten! Anm\u00e4l n\u00e4rvaro med namn och lottnummer till den i styrelsen som prickar av. Medlem som inte deltar p\u00e5 st\u00e4ddagar ska betala 200 [&hellip;]<\/p>\n","protected":false},"author":1,"featured_media":0,"parent":30,"menu_order":2,"comment_status":"closed","ping_status":"closed","template":"","meta":{"footnotes":""},"class_list":["post-94","page","type-page","status-publish","hentry"],"_links":{"self":[{"href":"https:\/\/www.sabykoloni.se\/index.php?rest_route=\/wp\/v2\/pages\/94","targetHints":{"allow":["GET"]}}],"collection":[{"href":"https:\/\/www.sabykoloni.se\/index.php?rest_route=\/wp\/v2\/pages"}],"about":[{"href":"https:\/\/www.sabykoloni.se\/index.php?rest_route=\/wp\/v2\/types\/page"}],"author":[{"embeddable":true,"href":"https:\/\/www.sabykoloni.se\/index.php?rest_route=\/wp\/v2\/users\/1"}],"replies":[{"embeddable":true,"href":"https:\/\/www.sabykoloni.se\/index.php?rest_route=%2Fwp%2Fv2%2Fcomments&post=94"}],"version-history":[{"count":10,"href":"https:\/\/www.sabykoloni.se\/index.php?rest_route=\/wp\/v2\/pages\/94\/revisions"}],"predecessor-version":[{"id":222,"href":"https:\/\/www.sabykoloni.se\/index.php?rest_route=\/wp\/v2\/pages\/94\/revisions\/222"}],"up":[{"embeddable":true,"href":"https:\/\/www.sabykoloni.se\/index.php?rest_route=\/wp\/v2\/pages\/30"}],"wp:attachment":[{"href":"https:\/\/www.sabykoloni.se\/index.php?rest_route=%2Fwp%2Fv2%2Fmedia&parent=94"}],"curies":[{"name":"wp","href":"https:\/\/api.w.org\/{rel}","templated":true}]}}