{"id":82,"date":"2025-02-02T14:53:47","date_gmt":"2025-02-02T13:53:47","guid":{"rendered":"https:\/\/www.sabykoloni.se\/?page_id=82"},"modified":"2026-04-17T15:15:23","modified_gmt":"2026-04-17T13:15:23","slug":"ordningsregler","status":"publish","type":"page","link":"https:\/\/www.sabykoloni.se\/?page_id=82","title":{"rendered":"Ordningsregler"},"content":{"rendered":"\n<div class=\"wp-block-group has-custom-color-2-background-color has-background has-global-padding is-layout-constrained wp-container-core-group-is-layout-b6dc2725 wp-block-group-is-layout-constrained\" style=\"padding-right:var(--wp--preset--spacing--50);padding-left:var(--wp--preset--spacing--50)\">\n<div style=\"height:10px\" aria-hidden=\"true\" class=\"wp-block-spacer\"><\/div>\n\n\n\n<p>S\u00e4by kolonitr\u00e4dg\u00e5rdsf\u00f6rening ligger i ett naturreservat intill S\u00e4by g\u00e5rd. J\u00e4rf\u00e4lla kommun har s\u00e4rskilda regler f\u00f6r naturreservaten. Odlingsomr\u00e5det \u00e4r ocks\u00e5 s\u00e4rskilt skyddsv\u00e4rd i och med n\u00e4rheten till byggnadsminnet och kulturmilj\u00f6n. Enligt ett beslut av l\u00e4nsstyrelsen \u00e4r S\u00e4by g\u00e5rd med huvudbyggnad, flyglar, stall, magasin och all\u00e9 f\u00f6rklarat som byggnadsminne f\u00f6r att skydda de kulturhistoriska v\u00e4rdena. Med anledning h\u00e4rav st\u00e4ller kommunen stora krav p\u00e5 utformningen av koloniomr\u00e5det och de enskilda odlingslotterna. Det har tidigare funnits odlingar av frukt och gr\u00f6nsaker p\u00e5 S\u00e4by g\u00e5rd och d\u00e4rf\u00f6r \u00e4r det extra viktigt att f\u00f6reningens medlemmar forts\u00e4tter med den gamla traditionen.<\/p>\n\n\n\n<div style=\"height:20px\" aria-hidden=\"true\" class=\"wp-block-spacer\"><\/div>\n<\/div>\n\n\n\n<div class=\"wp-block-group is-layout-flow wp-block-group-is-layout-flow\" style=\"padding-right:var(--wp--preset--spacing--10);padding-left:var(--wp--preset--spacing--10)\">\n<h2 class=\"wp-block-heading\">Odling<\/h2>\n\n\n\n<ol style=\"border-radius:0px;margin-right:var(--wp--preset--spacing--20);margin-left:var(--wp--preset--spacing--20)\" class=\"wp-block-list\">\n<li style=\"margin-right:0;margin-left:0\">Odlingslotterna \u00e4r avsedda f\u00f6r v\u00e4xtodling. Minst 80 % ska vara uppodlad, p\u00e5 resterande yta kan placeras kompost, redskapsl\u00e5da, sittplats.<\/li>\n\n\n\n<li>Om inte synnerliga sk\u00e4l finns, s\u00e5 skall odlingen vara p\u00e5b\u00f6rjad senast 15 maj.<\/li>\n\n\n\n<li>Tr\u00e4d f\u00e5r <strong>inte<\/strong> planteras, d\u00e4remot buskar och andra v\u00e4xter, maxh\u00f6jd 2,5 m.<\/li>\n\n\n\n<li>Endast naturg\u00f6dsel och KRAV-godk\u00e4nd g\u00f6dsel f\u00e5r anv\u00e4ndas. Bl\u00e5korn-, NPK-g\u00f6dsel \u00e4r <strong>inte<\/strong> till\u00e5tet.<\/li>\n\n\n\n<li>Det \u00e4r <strong>inte<\/strong> till\u00e5tet att odla f\u00f6r f\u00f6rs\u00e4ljning.<\/li>\n\n\n\n<li>Styrelsen rekommenderar att medlemmarna har egen kompost p\u00e5 lotten.<\/li>\n<\/ol>\n\n\n\n<h2 class=\"wp-block-heading\">Allm\u00e4nna ordningsregler<\/h2>\n\n\n\n<ol class=\"wp-block-list\">\n<li>Det f\u00f6rsta \u00e5ret \u00e4r ett prov\u00e5r. Om lotten inte sk\u00f6ts enligt ordningsreglerna s\u00e5 f\u00e5r medlemmen inte forts\u00e4tta.<\/li>\n\n\n\n<li>Vid fortsatt odling \u00e4r medlem skyldig att r\u00e4tta sig efter p\u00e5pekande fr\u00e5n styrelsen.<\/li>\n\n\n\n<li>Odling f\u00e5r inte ske utanf\u00f6r lottgr\u00e4nsen<\/li>\n\n\n\n<li>Ogr\u00e4s. v\u00e4xtrester, sten, redskap o dyl. f\u00e5r inte l\u00e4mnas p\u00e5 g\u00e5ngar och gr\u00e4smattor.<\/li>\n\n\n\n<li>Medlem ska se till att ogr\u00e4s fr\u00e5n den egna lotten inte sprider sig till grannlotter.<\/li>\n\n\n\n<li>Den egna lotten ska h\u00e5llas fri fr\u00e5n skr\u00e4p, t ex plast och annat uttj\u00e4nt material. Odlaren ska sj\u00e4lv frakta bort materialet.<\/li>\n\n\n\n<li>Grillning \u00e4r till\u00e5tet men endast p\u00e5 egen lott, anv\u00e4nd bara grillbriketter\/grillkol. Man m\u00e5ste givetvis f\u00f6lja kommunens regler vid eldningsf\u00f6rbud och sj\u00e4lv ansvara f\u00f6r ev. tillbud.<\/li>\n\n\n\n<li>Bollspel, st\u00f6rre lekredskap s\u00e5som gungst\u00e4llningar, vattenbass\u00e4nger, sandl\u00e5dor etc \u00e4r <strong>inte<\/strong> till\u00e5tet inom omr\u00e5det.<\/li>\n<\/ol>\n\n\n\n<h2 class=\"wp-block-heading\">Omr\u00e5det tr\u00e4d och buskar<\/h2>\n\n\n\n<ol class=\"wp-block-list\">\n<li>Det \u00e4r <strong>inte<\/strong> till\u00e5tet att avl\u00e4gsna eller g\u00f6ra \u00e5verkan p\u00e5 tr\u00e4d, buskar eller annan v\u00e4xtlighet inom omr\u00e5det.<\/li>\n\n\n\n<li>Det \u00e4r till\u00e5tet f\u00f6r medlemmar att plocka frukt p\u00e5 omr\u00e5det men bara f\u00f6r eget behov. Man ska t\u00e4nka p\u00e5 att frukten ska r\u00e4cka till alla!<\/li>\n<\/ol>\n\n\n\n<h2 class=\"wp-block-heading\">Gr\u00e4nsmarkeringar och staket<\/h2>\n\n\n\n<ol class=\"wp-block-list\">\n<li>Det \u00e4r <strong>inte<\/strong> till\u00e5tet att flytta odlingslottens gr\u00e4nsmarkeringar.<\/li>\n\n\n\n<li>Staket \u00e4r <strong>inte<\/strong> till\u00e5tet, endast n\u00e5gon form av l\u00e5g och gles, diskret gr\u00e4nsmarkering f\u00e5r finnas.<br>&#8211; F\u00e4rgerna som f\u00e5r anv\u00e4ndas \u00e4r svart, m\u00f6rkgr\u00f6n och natur (obehandlat).<br>&#8211; F\u00e4rgerna g\u00e4ller b\u00e5de stolpar och tr\u00e5dar, tr\u00e5darna f\u00e5r vara max 2 stycken<br>&#8211; Stolparna f\u00e5r vara max 50 cm h\u00f6g, minst 50 cm mellan stolparna.<br>Fr\u00e5ga g\u00e4rna styrelsen om r\u00e5d.<\/li>\n\n\n\n<li>Mellan odlingslotter som gr\u00e4nsar till varandra b\u00f6r det finnas en r\u00e5g\u00e5ng ca 25 cm p\u00e5 var sida om lottgr\u00e4nsen.<\/li>\n<\/ol>\n\n\n\n<h2 class=\"wp-block-heading\">V\u00e4xthus\/anl\u00e4ggningar<\/h2>\n\n\n\n<ol class=\"wp-block-list\">\n<li>Byggnationer f\u00e5r<strong> inte<\/strong> p\u00e5b\u00f6rjas innan styrelsens tillst\u00e5nd.<\/li>\n\n\n\n<li>Permanenta v\u00e4xthus \u00e4r <strong>inte <\/strong>till\u00e5tet.<\/li>\n\n\n\n<li>Tillf\u00e4lligt v\u00e4xthus och v\u00e4xthusliknande st\u00e4llningar under odlingss\u00e4songen \u00e4r till\u00e5tet, h\u00f6gst 1 meter h\u00f6gt och p\u00e5 h\u00f6gst 4 kvm av lottens yta.<\/li>\n\n\n\n<li>Odlingsl\u00e5dor eller annat tr\u00e4virke som anv\u00e4nds p\u00e5 lotten ska vara obehandlat. Det \u00e4r till\u00e5tet att anv\u00e4nda de svarta odlingsl\u00e5dor som saluf\u00f6rs i tr\u00e4dg\u00e5rdsbutiker.<\/li>\n\n\n\n<li>Efter odlingss\u00e4songen ska all plast och annat t\u00e4ckmaterial samt st\u00e4llningar tas ner.<\/li>\n\n\n\n<li>V\u00e4xtst\u00f6d\/spalj\u00e9er \u00e4r till\u00e5tet, h\u00f6gst 2,5 m h\u00f6gt men f\u00e5r inte vara f\u00f6r i\u00f6gonfallande. <br>&#8211; Material som f\u00e5r anv\u00e4ndas \u00e4r armeringsj\u00e4rn som n\u00e4t med stolpar p\u00e5 sidorna(obehandlat), max 3 m endast p\u00e5 rad ej mittemot varandra.<br>&#8211; Rosenb\u00e5gar g\u00e5r ocks\u00e5 bra, max 2 st per lott, ej f\u00f6r n\u00e4ra varandra.<br>&#8211; V\u00e4xtst\u00f6d f\u00e5r tillsammans vara max 3 m p\u00e5 lotten, man kan allts\u00e5 blanda dessa tv\u00e5 varianter om medlemmen s\u00e5 \u00f6nskar.<br>Fr\u00e5ga g\u00e4rna styrelsen om r\u00e5d.<\/li>\n\n\n\n<li>Sittplatsen ska vara utan staket.<\/li>\n\n\n\n<li>Anv\u00e4nd inte n\u00e4t \u00f6ver odlingar, risk att djur (f\u00e5glar\/kr\u00e4ldjur) kan fastna i dem.<\/li>\n<\/ol>\n\n\n\n<h2 class=\"wp-block-heading\">V\u00e4xtsjukdomar och skadeinsekter\/skadedjur<\/h2>\n\n\n\n<ol class=\"wp-block-list\">\n<li>Om v\u00e4xter visar tecken p\u00e5 kvalster eller sjukdom s\u00e5 har styrelsen r\u00e4tt att beg\u00e4ra att lottinnehavaren vidtar l\u00e4mpliga \u00e5tg\u00e4rder.<\/li>\n\n\n\n<li>Endast KRAV-godk\u00e4nda bek\u00e4mpningsmedel f\u00e5r anv\u00e4ndas. Vid tveksamma fall kontakta styrelsen.<\/li>\n\n\n\n<li>Det \u00e4r inte till\u00e5tet att d\u00f6da djur inom kolonitr\u00e4dg\u00e5rdsomr\u00e5det.<\/li>\n<\/ol>\n\n\n\n<h2 class=\"wp-block-heading\">Renh\u00e5llning<\/h2>\n\n\n\n<ol class=\"wp-block-list\">\n<li>Avfall f\u00e5r<strong> inte<\/strong> l\u00e4mnas kvar p\u00e5 omr\u00e5det<\/li>\n\n\n\n<li>Grenar och kvistar f\u00f6rvaras p\u00e5 egen lott. K\u00f6rs till \u00e5tervinningen p\u00e5 st\u00e4ddagen.<\/li>\n<\/ol>\n\n\n\n<h2 class=\"wp-block-heading\">Bevattning<\/h2>\n\n\n\n<ol class=\"wp-block-list\">\n<li>Vid slangbevattning, se till att tappst\u00e4llet inte blockeras on\u00f6digt l\u00e4nge.<\/li>\n\n\n\n<li>Se till att vattenkranar \u00e4r ordentligt st\u00e4ngda efter bevattning\/tappning av vatten.<\/li>\n\n\n\n<li>Vattning med spridare \u00e4r <strong>inte <\/strong>till\u00e5tet.<\/li>\n\n\n\n<li>Sk\u00f6lj inte n\u00e5got under vattenkranen, det blir stopp d\u00e5 det inte finns n\u00e5got avlopp.<\/li>\n<\/ol>\n\n\n\n<h2 class=\"wp-block-heading\">Gr\u00e4sklippning<\/h2>\n\n\n\n<ol class=\"wp-block-list\">\n<li>Medlem ansvarar f\u00f6r att omr\u00e5det kring den egna lotten h\u00e5lls i v\u00e5rdat skick.<\/li>\n\n\n\n<li>Medlem som inte har st\u00f6rre gr\u00e4sytor i n\u00e4rheten av sin odlingslott ska hj\u00e4lpa till att klippa gr\u00e4sytor som \u00e4r allm\u00e4nna eller hj\u00e4lpa de som har stora ytor att klippa.<\/li>\n\n\n\n<li>Gr\u00e4sklipparna ska reng\u00f6ras efter anv\u00e4ndning.<\/li>\n<\/ol>\n\n\n\n<h2 class=\"wp-block-heading\">Redskap och maskiner och m\u00f6blemang<\/h2>\n\n\n\n<ol class=\"wp-block-list\">\n<li>Privata redskap, redskapsl\u00e5dor o dyl. samt privata m\u00f6blemang ska f\u00f6rvaras p\u00e5 den egna odlingslotten<\/li>\n\n\n\n<li>Privata uteplatser <strong>inte<\/strong> till\u00e5tet utanf\u00f6r lotten<\/li>\n\n\n\n<li>N\u00e4r odlingsdagen \u00e4r slut \u2013 se till att bodar d\u00e4r redskap f\u00f6rvaras \u00e4r l\u00e5sta.<\/li>\n\n\n\n<li>F\u00f6reningens redskap, maskiner eller annan egendom f\u00e5r inte avl\u00e4gsnas fr\u00e5n omr\u00e5det annat \u00e4n av beh\u00f6rig personal.<\/li>\n\n\n\n<li>Hantera f\u00f6reningens redskap (gr\u00e4sklippare o dyl.) med aktsamhet. T\u00e4nk p\u00e5 att reparationer och underh\u00e5ll som orsakar kostnader m\u00e5ste finansieras med medlemmarnas avgifter.<\/li>\n\n\n\n<li>Om det uppst\u00e5r fel p\u00e5 n\u00e5gon maskin ska maskinansvarig snarast kontaktas.<\/li>\n<\/ol>\n\n\n\n<h2 class=\"wp-block-heading\">Deltagande i st\u00e4ddag, avslutande av arrende<\/h2>\n\n\n\n<ol class=\"wp-block-list\">\n<li>Medlem som inte deltar vid f\u00f6reningens st\u00e4ddagar ska betala 200 kr\/g\u00e5ng som s\u00e4ttas in utan tills\u00e4gelse p\u00e5 f\u00f6reningens pg-konto 457464\u20136. N\u00e5gra arbetsuppgifter att utf\u00f6ra senare kommer inte att anvisas av styrelsen. N\u00e4rvaron kontrolleras och inbetalningen kommer att f\u00f6ljas upp. Utebliven inbetalning kan leda till upps\u00e4gning av kontraktet.<\/li>\n\n\n\n<li>F\u00f6r att undvika att medlem vid avslutat medlemskap l\u00e4mnar lotten i ov\u00e5rdat skick, ska medlem vid intr\u00e4det i f\u00f6reningen deponera 500 kronor. Denna deposition \u00e5terbetalas n\u00e4r medlemmen avslutar medlemskapet och \u00f6verl\u00e4mnar lotten i v\u00e5rdat skick.<\/li>\n<\/ol>\n<\/div>\n","protected":false},"excerpt":{"rendered":"<p>S\u00e4by kolonitr\u00e4dg\u00e5rdsf\u00f6rening ligger i ett naturreservat intill S\u00e4by g\u00e5rd. J\u00e4rf\u00e4lla kommun har s\u00e4rskilda regler f\u00f6r naturreservaten. Odlingsomr\u00e5det \u00e4r ocks\u00e5 s\u00e4rskilt skyddsv\u00e4rd i och med n\u00e4rheten till byggnadsminnet och kulturmilj\u00f6n. Enligt ett beslut av l\u00e4nsstyrelsen \u00e4r S\u00e4by g\u00e5rd med huvudbyggnad, flyglar, stall, magasin och all\u00e9 f\u00f6rklarat som byggnadsminne f\u00f6r att skydda de kulturhistoriska v\u00e4rdena. Med anledning [&hellip;]<\/p>\n","protected":false},"author":1,"featured_media":0,"parent":30,"menu_order":0,"comment_status":"closed","ping_status":"closed","template":"","meta":{"footnotes":""},"class_list":["post-82","page","type-page","status-publish","hentry"],"_links":{"self":[{"href":"https:\/\/www.sabykoloni.se\/index.php?rest_route=\/wp\/v2\/pages\/82","targetHints":{"allow":["GET"]}}],"collection":[{"href":"https:\/\/www.sabykoloni.se\/index.php?rest_route=\/wp\/v2\/pages"}],"about":[{"href":"https:\/\/www.sabykoloni.se\/index.php?rest_route=\/wp\/v2\/types\/page"}],"author":[{"embeddable":true,"href":"https:\/\/www.sabykoloni.se\/index.php?rest_route=\/wp\/v2\/users\/1"}],"replies":[{"embeddable":true,"href":"https:\/\/www.sabykoloni.se\/index.php?rest_route=%2Fwp%2Fv2%2Fcomments&post=82"}],"version-history":[{"count":9,"href":"https:\/\/www.sabykoloni.se\/index.php?rest_route=\/wp\/v2\/pages\/82\/revisions"}],"predecessor-version":[{"id":224,"href":"https:\/\/www.sabykoloni.se\/index.php?rest_route=\/wp\/v2\/pages\/82\/revisions\/224"}],"up":[{"embeddable":true,"href":"https:\/\/www.sabykoloni.se\/index.php?rest_route=\/wp\/v2\/pages\/30"}],"wp:attachment":[{"href":"https:\/\/www.sabykoloni.se\/index.php?rest_route=%2Fwp%2Fv2%2Fmedia&parent=82"}],"curies":[{"name":"wp","href":"https:\/\/api.w.org\/{rel}","templated":true}]}}