{"id":165,"date":"2025-02-03T20:36:08","date_gmt":"2025-02-03T19:36:08","guid":{"rendered":"https:\/\/www.sabykoloni.se\/?page_id=165"},"modified":"2025-02-03T21:39:57","modified_gmt":"2025-02-03T20:39:57","slug":"hitta-hit","status":"publish","type":"page","link":"https:\/\/www.sabykoloni.se\/?page_id=165","title":{"rendered":"Hitta hit"},"content":{"rendered":"\n<p>S\u00e4by kolonitr\u00e4dg\u00e5rd ligger i J\u00e4rf\u00e4lla kommun vid S\u00e4by g\u00e5rd. Det g\u00e5r l\u00e4tt att ta sig hit b\u00e5de med kommunal trafik och med bil.<\/p>\n\n\n\n<p>S\u00e4by G\u00e5rd<br>177 38 J\u00e4rf\u00e4lla<\/p>\n\n\n\n<h3 class=\"wp-block-heading\"><strong>Ta sig hit kommunalt<\/strong><\/h3>\n\n\n\n<p>Rutten \u00e4r ber\u00e4knad med start fr\u00e5n Stockholm central.<\/p>\n\n\n\n<p><em>Restid ca 35 min<\/em><\/p>\n\n\n\n<p>Ta pendelt\u00e5g 43 fr\u00e5n T-centralen mot B\u00e5lsta, stig av vid Jakobsbergs station.<br>Ta sedan buss 567 fr\u00e5n Jakobsbergs station mot Sollentuna centrum, stig av vid S\u00e4by g\u00e5rd.<\/p>\n\n\n\n<h3 class=\"wp-block-heading\"><strong>Ta sig hit med bil<\/strong><\/h3>\n\n\n\n<p>Rutten \u00e4r ber\u00e4knad med start fr\u00e5n Stockholm central.<\/p>\n\n\n\n<p><em>Restid ca 25 min<\/em><\/p>\n\n\n\n<p>F\u00f6lj E20\/E4 norrut. Ta avfart 171 E18 mot Oslo. Ta d\u00e4refter avfart 154 Trafikplats Jakobsberg och f\u00f6lj skyltar mot Barkarby handelsplats. Sv\u00e4ng v\u00e4nster i f\u00f6rsta korsningen in p\u00e5 Enk\u00f6pingsv\u00e4gen. Sv\u00e4ng sedan h\u00f6ger mot S\u00e4by g\u00e5rd. Koloniomr\u00e5det ligger bakom Caf\u00e9 S\u00e4by G\u00e5rd.<\/p>\n\n\n\n<p><\/p>\n\n\n\n<div class=\"wp-block-buttons is-content-justification-center is-layout-flex wp-container-core-buttons-is-layout-a89b3969 wp-block-buttons-is-layout-flex\">\n<div class=\"wp-block-button\"><a class=\"wp-block-button__link has-custom-color-1-background-color has-background wp-element-button\" href=\"https:\/\/www.google.com\/maps\/place\/59%C2%B025'32.8%22N+17%C2%B051'31.2%22E\/@59.425783,17.858679,481m\/data=!3m2!1e3!4b1!4m4!3m3!8m2!3d59.425783!4d17.858679?entry=ttu&amp;g_ep=EgoyMDI1MDEyOS4xIKXMDSoASAFQAw%3D%3D\">\u00d6ppna karta i Google maps<\/a><\/div>\n<\/div>\n\n\n\n<p><\/p>\n","protected":false},"excerpt":{"rendered":"<p>S\u00e4by kolonitr\u00e4dg\u00e5rd ligger i J\u00e4rf\u00e4lla kommun vid S\u00e4by g\u00e5rd. Det g\u00e5r l\u00e4tt att ta sig hit b\u00e5de med kommunal trafik och med bil. S\u00e4by G\u00e5rd177 38 J\u00e4rf\u00e4lla Ta sig hit kommunalt Rutten \u00e4r ber\u00e4knad med start fr\u00e5n Stockholm central. Restid ca 35 min Ta pendelt\u00e5g 43 fr\u00e5n T-centralen mot B\u00e5lsta, stig av vid Jakobsbergs station.Ta [&hellip;]<\/p>\n","protected":false},"author":1,"featured_media":0,"parent":0,"menu_order":0,"comment_status":"closed","ping_status":"closed","template":"","meta":{"footnotes":""},"class_list":["post-165","page","type-page","status-publish","hentry"],"_links":{"self":[{"href":"https:\/\/www.sabykoloni.se\/index.php?rest_route=\/wp\/v2\/pages\/165","targetHints":{"allow":["GET"]}}],"collection":[{"href":"https:\/\/www.sabykoloni.se\/index.php?rest_route=\/wp\/v2\/pages"}],"about":[{"href":"https:\/\/www.sabykoloni.se\/index.php?rest_route=\/wp\/v2\/types\/page"}],"author":[{"embeddable":true,"href":"https:\/\/www.sabykoloni.se\/index.php?rest_route=\/wp\/v2\/users\/1"}],"replies":[{"embeddable":true,"href":"https:\/\/www.sabykoloni.se\/index.php?rest_route=%2Fwp%2Fv2%2Fcomments&post=165"}],"version-history":[{"count":4,"href":"https:\/\/www.sabykoloni.se\/index.php?rest_route=\/wp\/v2\/pages\/165\/revisions"}],"predecessor-version":[{"id":191,"href":"https:\/\/www.sabykoloni.se\/index.php?rest_route=\/wp\/v2\/pages\/165\/revisions\/191"}],"wp:attachment":[{"href":"https:\/\/www.sabykoloni.se\/index.php?rest_route=%2Fwp%2Fv2%2Fmedia&parent=165"}],"curies":[{"name":"wp","href":"https:\/\/api.w.org\/{rel}","templated":true}]}}